{"id":9,"date":"2013-03-17T21:27:42","date_gmt":"2013-03-17T20:27:42","guid":{"rendered":"http:\/\/www.jugendfeuerwehr-eddelak-st-michaelisdonn.de\/wcms\/?page_id=9"},"modified":"2024-01-06T13:33:33","modified_gmt":"2024-01-06T12:33:33","slug":"fahrzeuge","status":"publish","type":"page","link":"https:\/\/www.jugendfeuerwehr-eddelak-st-michaelisdonn.de\/wcms\/wir-uber-uns\/fahrzeuge\/","title":{"rendered":"Fahrzeuge"},"content":{"rendered":"\n<figure class=\"wp-block-image size-large\"><a href=\"http:\/\/www.jugendfeuerwehr-eddelak-st-michaelisdonn.de\/wcms\/wp-content\/uploads\/2024\/01\/IMG_2528-scaled.jpeg\" data-rel=\"lightbox-image-0\" data-rl_title=\"\" data-rl_caption=\"\" title=\"\"><img loading=\"lazy\" decoding=\"async\" width=\"1024\" height=\"768\" src=\"http:\/\/www.jugendfeuerwehr-eddelak-st-michaelisdonn.de\/wcms\/wp-content\/uploads\/2024\/01\/IMG_2528-1024x768.jpeg\" alt=\"\" class=\"wp-image-4108\" srcset=\"https:\/\/www.jugendfeuerwehr-eddelak-st-michaelisdonn.de\/wcms\/wp-content\/uploads\/2024\/01\/IMG_2528-1024x768.jpeg 1024w, https:\/\/www.jugendfeuerwehr-eddelak-st-michaelisdonn.de\/wcms\/wp-content\/uploads\/2024\/01\/IMG_2528-300x225.jpeg 300w, https:\/\/www.jugendfeuerwehr-eddelak-st-michaelisdonn.de\/wcms\/wp-content\/uploads\/2024\/01\/IMG_2528-768x576.jpeg 768w, https:\/\/www.jugendfeuerwehr-eddelak-st-michaelisdonn.de\/wcms\/wp-content\/uploads\/2024\/01\/IMG_2528-1536x1152.jpeg 1536w, https:\/\/www.jugendfeuerwehr-eddelak-st-michaelisdonn.de\/wcms\/wp-content\/uploads\/2024\/01\/IMG_2528-2048x1537.jpeg 2048w\" sizes=\"auto, (max-width: 1024px) 100vw, 1024px\" \/><\/a><\/figure>\n\n\n<p>Wir besitzen seit 2013 ein eigenes Jugendfeuerwehr Fahrzeug. Diese wurde von Firmen, den Gemeinden und vom unserem eigenem gesammelten Geld der Aktion &#8222;<em>Jugendfeuerwehr sammelt f\u00fcr Jugendfeuerwehr<\/em>&#8220; (die jedes Jahr statt findet) bezahlt.<\/p>\n<p>&nbsp;<\/p>\n<p>2023 wurde dem Fahrzeug ein neuer Blaulichtbalken montiert. Au\u00dferdem wurde der Schriftzug &#8222;Jugendfeuerwehr on tour&#8220; erneuert, sowie unser neues Maskottchen, ein Wal (Eddi-Michel), der aus insidern w\u00e4hrend dem Kreiszeltlager 2022 in Wesselburen entstand. Nach einigen Besprechungen und Designvorschl\u00e4gen hat Eddi-Michel es denn endlich auf unser Auto geschafft. Die neue Beklebung \u00fcbernahm die Firma Wrigge f\u00fcr uns.<\/p>\n<p style=\"text-align: left\">Um auch auf allen unseren Reisen alles mitzubekommen, wie die Zelte und das Gep\u00e4ck der Jugendlichen, besitzen wir auch einen Anh\u00e4nger denn wir jetzt an unser eigenes Fahrzeug h\u00e4ngen k\u00f6nnen.<\/p>\n<p>2023 wurde auch der Anh\u00e4nger neu von der Firma Wrigge bedruckt, da einige Buchstaben schon das Seelige segneten.<\/p>\n<p><a href=\"http:\/\/www.jugendfeuerwehr-eddelak-st-michaelisdonn.de\/wcms\/wp-content\/uploads\/2013\/06\/DSCF8383.jpg\" data-rel=\"lightbox-image-1\" data-rl_title=\"\" data-rl_caption=\"\" title=\"\"><img loading=\"lazy\" decoding=\"async\" class=\"wp-image-200 alignleft\" src=\"http:\/\/www.jugendfeuerwehr-eddelak-st-michaelisdonn.de\/wcms\/wp-content\/uploads\/2013\/06\/DSCF8383-1024x768.jpg\" alt=\"DSCF8383\" width=\"640\" height=\"480\" srcset=\"https:\/\/www.jugendfeuerwehr-eddelak-st-michaelisdonn.de\/wcms\/wp-content\/uploads\/2013\/06\/DSCF8383-1024x768.jpg 1024w, https:\/\/www.jugendfeuerwehr-eddelak-st-michaelisdonn.de\/wcms\/wp-content\/uploads\/2013\/06\/DSCF8383-300x225.jpg 300w\" sizes=\"auto, (max-width: 640px) 100vw, 640px\" \/><\/a><\/p>","protected":false},"excerpt":{"rendered":"\n\n\n\nWir besitzen seit 2013 ein eigenes Jugendfeuerwehr Fahrzeug. Diese wurde von Firmen, den Gemeinden und vom unserem eigenem gesammelten Geld der Aktion &#8222;Jugendfeuerwehr sammelt f\u00fcr &hellip;","protected":false},"author":15,"featured_media":0,"parent":8,"menu_order":300,"comment_status":"open","ping_status":"closed","template":"","meta":{"ngg_post_thumbnail":0,"_mc_calendar":[],"footnotes":""},"class_list":["post-9","page","type-page","status-publish","hentry"],"_links":{"self":[{"href":"https:\/\/www.jugendfeuerwehr-eddelak-st-michaelisdonn.de\/wcms\/wp-json\/wp\/v2\/pages\/9","targetHints":{"allow":["GET"]}}],"collection":[{"href":"https:\/\/www.jugendfeuerwehr-eddelak-st-michaelisdonn.de\/wcms\/wp-json\/wp\/v2\/pages"}],"about":[{"href":"https:\/\/www.jugendfeuerwehr-eddelak-st-michaelisdonn.de\/wcms\/wp-json\/wp\/v2\/types\/page"}],"author":[{"embeddable":true,"href":"https:\/\/www.jugendfeuerwehr-eddelak-st-michaelisdonn.de\/wcms\/wp-json\/wp\/v2\/users\/15"}],"replies":[{"embeddable":true,"href":"https:\/\/www.jugendfeuerwehr-eddelak-st-michaelisdonn.de\/wcms\/wp-json\/wp\/v2\/comments?post=9"}],"version-history":[{"count":27,"href":"https:\/\/www.jugendfeuerwehr-eddelak-st-michaelisdonn.de\/wcms\/wp-json\/wp\/v2\/pages\/9\/revisions"}],"predecessor-version":[{"id":4110,"href":"https:\/\/www.jugendfeuerwehr-eddelak-st-michaelisdonn.de\/wcms\/wp-json\/wp\/v2\/pages\/9\/revisions\/4110"}],"up":[{"embeddable":true,"href":"https:\/\/www.jugendfeuerwehr-eddelak-st-michaelisdonn.de\/wcms\/wp-json\/wp\/v2\/pages\/8"}],"wp:attachment":[{"href":"https:\/\/www.jugendfeuerwehr-eddelak-st-michaelisdonn.de\/wcms\/wp-json\/wp\/v2\/media?parent=9"}],"curies":[{"name":"wp","href":"https:\/\/api.w.org\/{rel}","templated":true}]}}