{"id":56,"date":"2013-03-17T22:12:13","date_gmt":"2013-03-17T21:12:13","guid":{"rendered":"http:\/\/www.jugendfeuerwehr-eddelak-st-michaelisdonn.de\/wcms\/?page_id=56"},"modified":"2013-06-30T20:10:10","modified_gmt":"2013-06-30T18:10:10","slug":"sitemap","status":"publish","type":"page","link":"https:\/\/www.jugendfeuerwehr-eddelak-st-michaelisdonn.de\/wcms\/sitemap\/","title":{"rendered":"Sitemap"},"content":{"rendered":"<div class=\"kwayy-html-sitemap-wrapper\"><h2 class=\"kwayy-html-sitemap-post-title kwayy-post-title\">Beitrag<\/h2><ul class=\"kwayy-html-sitemap-post-list kwayy-post-list\"><ul><li><a href=\"https:\/\/www.jugendfeuerwehr-eddelak-st-michaelisdonn.de\/wcms\/2013\/jahreshauptversammlung\/\">Jahreshauptversammlung<\/a><\/li><li><a href=\"https:\/\/www.jugendfeuerwehr-eddelak-st-michaelisdonn.de\/wcms\/2013\/jugend-boseln-2013\/\">Jugend-Bo\u00dfeln 2013<\/a><\/li><li><a href=\"https:\/\/www.jugendfeuerwehr-eddelak-st-michaelisdonn.de\/wcms\/2013\/pfingstlager-mit-der-jf-ascheberg\/\">Pfingstlager mit der JF-Ascheberg<\/a><\/li><li><a href=\"https:\/\/www.jugendfeuerwehr-eddelak-st-michaelisdonn.de\/wcms\/2013\/dienstabend-14-06-2013\/\">Dienstabend - 14.06.2013<\/a><\/li><li><a href=\"https:\/\/www.jugendfeuerwehr-eddelak-st-michaelisdonn.de\/wcms\/2013\/zeltlager-nordhaststedt-tag1\/\">Zeltlager - Nordhastedt - Tag1<\/a><\/li><li><a href=\"https:\/\/www.jugendfeuerwehr-eddelak-st-michaelisdonn.de\/wcms\/2013\/fahrzeugubergabe-des-jf-fahrzeuges\/\">Fahrzeug\u00fcbergabe des JF-Fahrzeuges<\/a><\/li><li><a href=\"https:\/\/www.jugendfeuerwehr-eddelak-st-michaelisdonn.de\/wcms\/2013\/jugendliche-bereiten-sich-auf-leistungsspange-vor-dlz-vom-29-01-2013\/\">Jugendliche bereiten sich auf Leistungsspange vor - DLZ vom 29.01.2013<\/a><\/li><li><a href=\"https:\/\/www.jugendfeuerwehr-eddelak-st-michaelisdonn.de\/wcms\/2013\/zeltlager-nordhastedt-tag-2\/\">Zeltlager - Nordhastedt - Tag 2<\/a><\/li><li><a href=\"https:\/\/www.jugendfeuerwehr-eddelak-st-michaelisdonn.de\/wcms\/2013\/zeltlager-nordhastedt-tag-3\/\">Zeltlager - Nordhastedt - Tag 3<\/a><\/li><li><a href=\"https:\/\/www.jugendfeuerwehr-eddelak-st-michaelisdonn.de\/wcms\/2013\/ubung-zur-wasserrettung-20-9-2013\/\">\u00dcbung zur Wasserrettung<\/a><\/li><li><a href=\"https:\/\/www.jugendfeuerwehr-eddelak-st-michaelisdonn.de\/wcms\/2013\/bilder-vom-pfingstzeltlager-in-ascheberg\/\">Bilder vom Pfingstzeltlager in Ascheberg<\/a><\/li><li><a href=\"https:\/\/www.jugendfeuerwehr-eddelak-st-michaelisdonn.de\/wcms\/2013\/weihnachtsfeier-2013\/\">Weihnachtsfeier 2013<\/a><\/li><li><a href=\"https:\/\/www.jugendfeuerwehr-eddelak-st-michaelisdonn.de\/wcms\/2013\/besuch-vom-deutsche-rote-kreuz\/\">Besuch vom Deutsche Rote Kreuz<\/a><\/li><li><a href=\"https:\/\/www.jugendfeuerwehr-eddelak-st-michaelisdonn.de\/wcms\/2013\/dienst-und-themenplan-2013\/\">Dienst- und Themenplan - 2013<\/a><\/li><li><a href=\"https:\/\/www.jugendfeuerwehr-eddelak-st-michaelisdonn.de\/wcms\/2013\/dienstplan-2014\/\">Dienstplan 2014<\/a><\/li><li><a href=\"https:\/\/www.jugendfeuerwehr-eddelak-st-michaelisdonn.de\/wcms\/2013\/spielspas-segway-2013\/\">Spiel, Spa\u00df &amp; Segway fahren<\/a><\/li><li><a href=\"https:\/\/www.jugendfeuerwehr-eddelak-st-michaelisdonn.de\/wcms\/2023\/ausflug-zur-at-strecke-des-kfv-dithmarschens\/\">Ausflug zur AT-Strecke des KFV Dithmarschens<\/a><\/li><li><a href=\"https:\/\/www.jugendfeuerwehr-eddelak-st-michaelisdonn.de\/wcms\/2014\/jahreshauptversammlung-2\/\">Jahreshauptversammlung <\/a><\/li><li><a href=\"https:\/\/www.jugendfeuerwehr-eddelak-st-michaelisdonn.de\/wcms\/2014\/guter-zusammenhalt-und-viel-zu-lernen-dlz-vom-21-01-2014\/\">Guter Zusammenhalt und viel zu lernen - DLZ vom 21.01.2014<\/a><\/li><li><a href=\"https:\/\/www.jugendfeuerwehr-eddelak-st-michaelisdonn.de\/wcms\/2014\/jugendboseln-2014\/\">Jugendbo\u00dfeln 2014<\/a><\/li><li><a href=\"https:\/\/www.jugendfeuerwehr-eddelak-st-michaelisdonn.de\/wcms\/2014\/pfingstzeltlager-mit-der-jf-ascheberg-2014\/\">Pfingstzeltlager mit der JF Ascheberg 2014<\/a><\/li><li><a href=\"https:\/\/www.jugendfeuerwehr-eddelak-st-michaelisdonn.de\/wcms\/2014\/gewerbemarkt-2014\/\">Gewerbemarkt 2014<\/a><\/li><li><a href=\"https:\/\/www.jugendfeuerwehr-eddelak-st-michaelisdonn.de\/wcms\/2014\/kreispokal-2014\/\">Kreispokal 2014<\/a><\/li><li><a href=\"https:\/\/www.jugendfeuerwehr-eddelak-st-michaelisdonn.de\/wcms\/2014\/jugendfeuerwehr-eddelak-st-michaelisdonn\/\">Jugendfeuerwehr Eddelak-St.Michaelisdonn<\/a><\/li><li><a href=\"https:\/\/www.jugendfeuerwehr-eddelak-st-michaelisdonn.de\/wcms\/2015\/kinder-und-jugendtag-2015-in-eddelak\/\">Kinder und Jugendtag 2015 in Eddelak  <\/a><\/li><li><a href=\"https:\/\/www.jugendfeuerwehr-eddelak-st-michaelisdonn.de\/wcms\/2015\/18-09-2015-bei-der-sasol-werksfeuerwehr\/\">18.09.2015  Bei der Sasol Werksfeuerwehr<\/a><\/li><li><a href=\"https:\/\/www.jugendfeuerwehr-eddelak-st-michaelisdonn.de\/wcms\/2015\/siegerehrung-luftballonweitflug\/\">Siegerehrung Luftballonweitflug<\/a><\/li><li><a href=\"https:\/\/www.jugendfeuerwehr-eddelak-st-michaelisdonn.de\/wcms\/2015\/20-jahre-jugendfeuerwehr-amt-eddelak-sankt-michaelisdonn\/\">20 Jahre Jugendfeuerwehr Amt Eddelak - Sankt Michaelisdonn<\/a><\/li><li><a href=\"https:\/\/www.jugendfeuerwehr-eddelak-st-michaelisdonn.de\/wcms\/2015\/umzug-zur-verabschiedung-unseres-langjahrigen-burgermeisters\/\">Umzug zur Verabschiedung unseres langj\u00e4hrigen B\u00fcrgermeisters<\/a><\/li><li><a href=\"https:\/\/www.jugendfeuerwehr-eddelak-st-michaelisdonn.de\/wcms\/2015\/jugendflamme-1\/\">Jugendflamme 1<\/a><\/li><li><a href=\"https:\/\/www.jugendfeuerwehr-eddelak-st-michaelisdonn.de\/wcms\/2016\/unser-neuer-vorstand-stellt-sich-vor\/\">Unser neuer Vorstand stellt sich vor<\/a><\/li><li><a href=\"https:\/\/www.jugendfeuerwehr-eddelak-st-michaelisdonn.de\/wcms\/2016\/dienst-29-01-2016-averlak-sicherheitsbelehrung\/\">Dienst 29.01.2016  Averlak    Sicherheitsbelehrung<\/a><\/li><li><a href=\"https:\/\/www.jugendfeuerwehr-eddelak-st-michaelisdonn.de\/wcms\/2016\/dienst-12-02-2016-st-michaelisdonn-beleuchtung-und-leitern\/\">Dienst 12.02.2016    St.Michaelisdonn  Beleuchtung und Leitern<\/a><\/li><li><a href=\"https:\/\/www.jugendfeuerwehr-eddelak-st-michaelisdonn.de\/wcms\/2016\/dienst-19-02-2016-planspiel-geratekunde-und-knoten\/\">Dienst 19.02.2016   Planspiel , Ger\u00e4tekunde und Knoten <\/a><\/li><li><a href=\"https:\/\/www.jugendfeuerwehr-eddelak-st-michaelisdonn.de\/wcms\/2016\/dienst-am-04-03-2016\/\">Dienst am 04.03.2016<\/a><\/li><li><a href=\"https:\/\/www.jugendfeuerwehr-eddelak-st-michaelisdonn.de\/wcms\/2017\/jahresbericht-2016\/\">Jahresbericht   2016<\/a><\/li><li><a href=\"https:\/\/www.jugendfeuerwehr-eddelak-st-michaelisdonn.de\/wcms\/2016\/weihnachtsfeier-2016\/\">Weihnachtsfeier 2016<\/a><\/li><li><a href=\"https:\/\/www.jugendfeuerwehr-eddelak-st-michaelisdonn.de\/wcms\/2017\/jahreshauptversammlung-2017\/\">Jahreshauptversammlung  2017<\/a><\/li><li><a href=\"https:\/\/www.jugendfeuerwehr-eddelak-st-michaelisdonn.de\/wcms\/2017\/17-02-2017-powerpoint-fwdv-3\/\">17.02.2017 Powerpoint FWDV 3<\/a><\/li><li><a href=\"https:\/\/www.jugendfeuerwehr-eddelak-st-michaelisdonn.de\/wcms\/2017\/ubung-bei-hermann-hanssen-am-02-06-2017\/\">\u00dcbung bei Hermann Hanssen am 02.06.2017<\/a><\/li><li><a href=\"https:\/\/www.jugendfeuerwehr-eddelak-st-michaelisdonn.de\/wcms\/2017\/dienst-am-10-03-2017-eine-duftende-ubung\/\">Dienst am 10.03.2017 eine duftende \u00dcbung<\/a><\/li><li><a href=\"https:\/\/www.jugendfeuerwehr-eddelak-st-michaelisdonn.de\/wcms\/2017\/dienst-vom-03-02-2017-2\/\">Dienst vom 03.02.2017<\/a><\/li><li><a href=\"https:\/\/www.jugendfeuerwehr-eddelak-st-michaelisdonn.de\/wcms\/2017\/24-02-2017-notruf-und-erste-hilfe\/\">24.02.2017   Notruf und Erste Hilfe<\/a><\/li><li><a href=\"https:\/\/www.jugendfeuerwehr-eddelak-st-michaelisdonn.de\/wcms\/2017\/dienst-vom-03-03-2017\/\">Dienst vom 03.03.2017<\/a><\/li><li><a href=\"https:\/\/www.jugendfeuerwehr-eddelak-st-michaelisdonn.de\/wcms\/2017\/gewonnen\/\">GEWONNEN !!!!<\/a><\/li><li><a href=\"https:\/\/www.jugendfeuerwehr-eddelak-st-michaelisdonn.de\/wcms\/2017\/buschanlieferung-am-22-04-2017\/\">Buschanlieferung am 22.04.2017<\/a><\/li><li><a href=\"https:\/\/www.jugendfeuerwehr-eddelak-st-michaelisdonn.de\/wcms\/2017\/rotary-club-gluckseilotterie\/\">Rotary Club Gl\u00fcckseilotterie<\/a><\/li><li><a href=\"https:\/\/www.jugendfeuerwehr-eddelak-st-michaelisdonn.de\/wcms\/2017\/dienst-16-06-2017-hydrantenkunde-uns-schlauchball\/\">Dienst 16.06.2017  Hydrantenkunde und Schlauchball<\/a><\/li><li><a href=\"https:\/\/www.jugendfeuerwehr-eddelak-st-michaelisdonn.de\/wcms\/2017\/ubernachtung-und-kletterpark\/\">\u00dcbernachtung und Kletterpark<\/a><\/li><li><a href=\"https:\/\/www.jugendfeuerwehr-eddelak-st-michaelisdonn.de\/wcms\/2017\/leckerer-dienst\/\">Leckerer Dienst<\/a><\/li><li><a href=\"https:\/\/www.jugendfeuerwehr-eddelak-st-michaelisdonn.de\/wcms\/2017\/dienst-vom-23-06-2017-formaldienst-und-fwdv-3\/\">Dienst vom 23.06.2017 Formaldienst und FWDV 3<\/a><\/li><li><a href=\"https:\/\/www.jugendfeuerwehr-eddelak-st-michaelisdonn.de\/wcms\/2017\/geratekunde-und-planspiele\/\">Ger\u00e4tekunde und Planspiele<\/a><\/li><li><a href=\"https:\/\/www.jugendfeuerwehr-eddelak-st-michaelisdonn.de\/wcms\/2017\/feuer-in-averlak-mit-menschen-und-tierrettung\/\">Feuer in Averlak mit Menschen-und Tierrettung<\/a><\/li><li><a href=\"https:\/\/www.jugendfeuerwehr-eddelak-st-michaelisdonn.de\/wcms\/2017\/sommerfest-mit-schaum\/\">Sommerfest mit ganz viel Schaum<\/a><\/li><li><a href=\"https:\/\/www.jugendfeuerwehr-eddelak-st-michaelisdonn.de\/wcms\/2017\/kreiszeltlager-tag-1\/\">Kreiszeltlager Tag 1<\/a><\/li><li><a href=\"https:\/\/www.jugendfeuerwehr-eddelak-st-michaelisdonn.de\/wcms\/2017\/kreiszeltlager-tag-2\/\">Kreiszeltlager Tag 2<\/a><\/li><li><a href=\"https:\/\/www.jugendfeuerwehr-eddelak-st-michaelisdonn.de\/wcms\/2017\/kreiszeltlager-tag-3\/\">Kreiszeltlager Tag 3<\/a><\/li><li><a href=\"https:\/\/www.jugendfeuerwehr-eddelak-st-michaelisdonn.de\/wcms\/2017\/kreiszeltlager-tag-4\/\">Kreiszeltlager Tag 4<\/a><\/li><li><a href=\"https:\/\/www.jugendfeuerwehr-eddelak-st-michaelisdonn.de\/wcms\/2017\/kreiszeltlager-tag-5-und-6\/\">Kreiszeltlager Tag 5 und 6<\/a><\/li><li><a href=\"https:\/\/www.jugendfeuerwehr-eddelak-st-michaelisdonn.de\/wcms\/2017\/der-langersehnte-dienst\/\">Der langersehnte Dienst<\/a><\/li><li><a href=\"https:\/\/www.jugendfeuerwehr-eddelak-st-michaelisdonn.de\/wcms\/2017\/besuch-bei-freunden-und-als-team-schafft-man-alles\/\">Besuch bei Freunden und als Team schafft man alles<\/a><\/li><li><a href=\"https:\/\/www.jugendfeuerwehr-eddelak-st-michaelisdonn.de\/wcms\/2017\/brandt-und-vermisste-personen-bei-schatt\/\">BRAND UND VERMISSTE PERSONEN BEI SCHATT<\/a><\/li><li><a href=\"https:\/\/www.jugendfeuerwehr-eddelak-st-michaelisdonn.de\/wcms\/2017\/improvisation-ist-alles\/\">Improvisation ist alles<\/a><\/li><li><a href=\"https:\/\/www.jugendfeuerwehr-eddelak-st-michaelisdonn.de\/wcms\/2017\/knoten-und-stiche\/\">Knoten und Stiche <\/a><\/li><li><a href=\"https:\/\/www.jugendfeuerwehr-eddelak-st-michaelisdonn.de\/wcms\/2017\/funkubung\/\">Funk\u00fcbung<\/a><\/li><li><a href=\"https:\/\/www.jugendfeuerwehr-eddelak-st-michaelisdonn.de\/wcms\/2017\/hansapark\/\">Hansapark<\/a><\/li><li><a href=\"https:\/\/www.jugendfeuerwehr-eddelak-st-michaelisdonn.de\/wcms\/2017\/spiel-spas-und-bowling\/\">Spiel, Spa\u00df und Bowling<\/a><\/li><li><a href=\"https:\/\/www.jugendfeuerwehr-eddelak-st-michaelisdonn.de\/wcms\/2017\/weihnachtsfeier-2017\/\">Weihnachtsfeier 2017<\/a><\/li><li><a href=\"https:\/\/www.jugendfeuerwehr-eddelak-st-michaelisdonn.de\/wcms\/2018\/jahreshauptversammlung-2018\/\">Jahreshauptversammlung 2018<\/a><\/li><li><a href=\"https:\/\/www.jugendfeuerwehr-eddelak-st-michaelisdonn.de\/wcms\/2018\/sicherheitsbelehrung-mit-interaktiver-feuerwehrfrau\/\">Sicherheitsbelehrung mit Interaktiver Feuerwehrfrau<\/a><\/li><li><a href=\"https:\/\/www.jugendfeuerwehr-eddelak-st-michaelisdonn.de\/wcms\/2018\/jahresbericht-von-2017\/\">Jahresbericht von 2017<\/a><\/li><li><a href=\"https:\/\/www.jugendfeuerwehr-eddelak-st-michaelisdonn.de\/wcms\/2018\/kanalubung-und-eine-groszugige-spende-von-the-funmakers\/\">Kanal\u00fcbung und eine gro\u00dfz\u00fcgige Spende von  THE FUNMAKERS<\/a><\/li><li><a href=\"https:\/\/www.jugendfeuerwehr-eddelak-st-michaelisdonn.de\/wcms\/2018\/was-ist-was\/\">WAS ist WAS<\/a><\/li><li><a href=\"https:\/\/www.jugendfeuerwehr-eddelak-st-michaelisdonn.de\/wcms\/2018\/notruf-112\/\">Notruf 112<\/a><\/li><li><a href=\"https:\/\/www.jugendfeuerwehr-eddelak-st-michaelisdonn.de\/wcms\/2018\/wir-trotzen-den-eisigen-temperaturen\/\">Wir trotzen den eisigen Temperaturen<\/a><\/li><li><a href=\"https:\/\/www.jugendfeuerwehr-eddelak-st-michaelisdonn.de\/wcms\/2018\/pfingstfahrt-mit-sonnigen-aussichten\/\">Pfingstfahrt mit sonnigen Aussichten<\/a><\/li><li><a href=\"https:\/\/www.jugendfeuerwehr-eddelak-st-michaelisdonn.de\/wcms\/2018\/muhle-in-eddelak-brennt\/\">M\u00dcHLE IN EDDELAK BRENNT ....<\/a><\/li><li><a href=\"https:\/\/www.jugendfeuerwehr-eddelak-st-michaelisdonn.de\/wcms\/2018\/sommerfest-bei-strahlendem-sonnenschein\/\">Sommerfest bei strahlendem Sonnenschein<\/a><\/li><li><a href=\"https:\/\/www.jugendfeuerwehr-eddelak-st-michaelisdonn.de\/wcms\/2018\/weihnachtsfeier-2018\/\">Weihnachtsfeier 2018<\/a><\/li><li><a href=\"https:\/\/www.jugendfeuerwehr-eddelak-st-michaelisdonn.de\/wcms\/2019\/jahreshauptversammlung-2019\/\">Jahreshauptversammlung 2019<\/a><\/li><li><a href=\"https:\/\/www.jugendfeuerwehr-eddelak-st-michaelisdonn.de\/wcms\/2020\/dienste-2019\/\">Dienste 2019<\/a><\/li><li><a href=\"https:\/\/www.jugendfeuerwehr-eddelak-st-michaelisdonn.de\/wcms\/2019\/brandbekaempfung-und-personensuche\/\">Brandbek\u00e4mpfung und Personensuche<\/a><\/li><li><a href=\"https:\/\/www.jugendfeuerwehr-eddelak-st-michaelisdonn.de\/wcms\/2019\/landeszeltlager-auf-foehr\/\">Landeszeltlager auf F\u00f6hr<\/a><\/li><li><a href=\"https:\/\/www.jugendfeuerwehr-eddelak-st-michaelisdonn.de\/wcms\/2019\/sommerfest\/\">Sommerfest<\/a><\/li><li><a href=\"https:\/\/www.jugendfeuerwehr-eddelak-st-michaelisdonn.de\/wcms\/2019\/erster-dienst-nach-den-sommerferien\/\">Erster Dienst nach den Sommerferien<\/a><\/li><li><a href=\"https:\/\/www.jugendfeuerwehr-eddelak-st-michaelisdonn.de\/wcms\/2020\/laternelaufen\/\">Laternelaufen<\/a><\/li><li><a href=\"https:\/\/www.jugendfeuerwehr-eddelak-st-michaelisdonn.de\/wcms\/2020\/bowling\/\">Bowling<\/a><\/li><li><a href=\"https:\/\/www.jugendfeuerwehr-eddelak-st-michaelisdonn.de\/wcms\/2020\/weihnachtsfeier\/\">Weihnachtsfeier<\/a><\/li><li><a href=\"https:\/\/www.jugendfeuerwehr-eddelak-st-michaelisdonn.de\/wcms\/2020\/jahreshauptversammlung-2020\/\">Jahreshauptversammlung 2020<\/a><\/li><li><a href=\"https:\/\/www.jugendfeuerwehr-eddelak-st-michaelisdonn.de\/wcms\/2021\/langersehnter-start\/\">Langersehnter Start<\/a><\/li><li><a href=\"https:\/\/www.jugendfeuerwehr-eddelak-st-michaelisdonn.de\/wcms\/2024\/absperrungen-und-loeschangriffe\/\">Absperrungen und L\u00f6schangriffe<\/a><\/li><li><a href=\"https:\/\/www.jugendfeuerwehr-eddelak-st-michaelisdonn.de\/wcms\/2022\/jahreshauptversammlung-2022\/\">Jahreshauptversammlung 2022<\/a><\/li><li><a href=\"https:\/\/www.jugendfeuerwehr-eddelak-st-michaelisdonn.de\/wcms\/2023\/weihnachtsfeier-2023\/\">Weihnachtsfeier 2023<\/a><\/li><li><a href=\"https:\/\/www.jugendfeuerwehr-eddelak-st-michaelisdonn.de\/wcms\/2023\/pressearbeit-wieder-aufgenommen\/\">Pressearbeit wieder aufgenommen<\/a><\/li><li><a href=\"https:\/\/www.jugendfeuerwehr-eddelak-st-michaelisdonn.de\/wcms\/2024\/trainieren-fuer-die-leistungsspange\/\">Trainieren f\u00fcr die Leistungsspange<\/a><\/li><li><a href=\"https:\/\/www.jugendfeuerwehr-eddelak-st-michaelisdonn.de\/wcms\/2024\/jahreshauptversammlung-2024\/\">Jahreshauptversammlung 2024<\/a><\/li><li><a href=\"https:\/\/www.jugendfeuerwehr-eddelak-st-michaelisdonn.de\/wcms\/2024\/dienstplan-2024\/\">Dienstplan 2024<\/a><\/li><li><a href=\"https:\/\/www.jugendfeuerwehr-eddelak-st-michaelisdonn.de\/wcms\/2024\/sicherheitsbelehrung\/\">Sicherheitsbelehrung<\/a><\/li><li><a href=\"https:\/\/www.jugendfeuerwehr-eddelak-st-michaelisdonn.de\/wcms\/2024\/erste-hilfe\/\">Erste-Hilfe<\/a><\/li><li><a href=\"https:\/\/www.jugendfeuerwehr-eddelak-st-michaelisdonn.de\/wcms\/2024\/geraetekunde-knoten-stiche\/\">Ger\u00e4tekunde \/ Knoten &amp; Stiche<\/a><\/li><li><a href=\"https:\/\/www.jugendfeuerwehr-eddelak-st-michaelisdonn.de\/wcms\/2024\/notruf-fwdv-3\/\">Notruf\/FwDV 3<\/a><\/li><li><a href=\"https:\/\/www.jugendfeuerwehr-eddelak-st-michaelisdonn.de\/wcms\/2024\/averlak-waehlt-neuen-jugendwart\/\">Averlak w\u00e4hlt neuen Jugendwart<\/a><\/li><li><a href=\"https:\/\/www.jugendfeuerwehr-eddelak-st-michaelisdonn.de\/wcms\/2024\/dienst-in-averlak\/\">Dienst in Averlak<\/a><\/li><li><a href=\"https:\/\/www.jugendfeuerwehr-eddelak-st-michaelisdonn.de\/wcms\/2024\/sommerfest-2024\/\">Sommerfest 2024<\/a><\/li><li><a href=\"https:\/\/www.jugendfeuerwehr-eddelak-st-michaelisdonn.de\/wcms\/2024\/kennlerndienst-mit-gemeinsamen-essen\/\">Kennlerndienst mit gemeinsamen Essen<\/a><\/li><li><a href=\"https:\/\/www.jugendfeuerwehr-eddelak-st-michaelisdonn.de\/wcms\/2024\/24-stunden-dienst\/\">24-Stunden Dienst<\/a><\/li><li><a href=\"https:\/\/www.jugendfeuerwehr-eddelak-st-michaelisdonn.de\/wcms\/2024\/dienste-nach-den-ferien\/\">Dienste nach den Ferien<\/a><\/li><li><a href=\"https:\/\/www.jugendfeuerwehr-eddelak-st-michaelisdonn.de\/wcms\/2024\/ausflug-in-den-heidepark\/\">Ausflug in den Heidepark<\/a><\/li><li><a href=\"https:\/\/www.jugendfeuerwehr-eddelak-st-michaelisdonn.de\/wcms\/2025\/erster-dienst-in-2025\/\">Erster Dienst in 2025<\/a><\/li><li><a href=\"https:\/\/www.jugendfeuerwehr-eddelak-st-michaelisdonn.de\/wcms\/2025\/jahreshauptversammlung-2025\/\">Jahreshauptversammlung 2025<\/a><\/li><li><a href=\"https:\/\/www.jugendfeuerwehr-eddelak-st-michaelisdonn.de\/wcms\/2025\/weihnachtsfeier-2024\/\">Weihnachtsfeier 2024<\/a><\/li><li><a href=\"https:\/\/www.jugendfeuerwehr-eddelak-st-michaelisdonn.de\/wcms\/2025\/30-jahre-jugendfeuerwehr-amt-eddelak-st-michaelisdonn\/\">30 Jahre Jugendfeuerwehr Amt Eddelak-St.Michaelisdonn<\/a><\/li><li><a href=\"https:\/\/www.jugendfeuerwehr-eddelak-st-michaelisdonn.de\/wcms\/2025\/feuerwehrdienstvorschrift-3\/\">Feuerwehrdienstvorschrift 3<\/a><\/li><li><a href=\"https:\/\/www.jugendfeuerwehr-eddelak-st-michaelisdonn.de\/wcms\/2025\/24-stunden-dienst-2025-spannung-teamarbeit-und-jede-menge-action\/\">24-Stunden-Dienst 2025 \u2013 Spannung, Teamarbeit und jede Menge Action<\/a><\/li><li><a href=\"https:\/\/www.jugendfeuerwehr-eddelak-st-michaelisdonn.de\/wcms\/2025\/dienst-nach-den-sommerferien\/\">Dienst nach den Sommerferien<\/a><\/li><li><a href=\"https:\/\/www.jugendfeuerwehr-eddelak-st-michaelisdonn.de\/wcms\/2026\/jahreshauptversammlung-2026\/\">Jahreshauptversammlung 2026<\/a><\/li><\/ul><\/ul><h2 class=\"kwayy-html-sitemap-post-title kwayy-page-title\">Seiten<\/h2><ul class=\"kwayy-html-sitemap-post-list kwayy-page-list\"><ul><li><a href=\"https:\/\/www.jugendfeuerwehr-eddelak-st-michaelisdonn.de\/wcms\/startseite\/\">Startseite<\/a><\/li><li><a href=\"https:\/\/www.jugendfeuerwehr-eddelak-st-michaelisdonn.de\/wcms\/berichte\/\">Berichte<\/a><\/li><li><a href=\"https:\/\/www.jugendfeuerwehr-eddelak-st-michaelisdonn.de\/wcms\/vorstand-2\/\">Vorstand<\/a><ul><li><a href=\"https:\/\/www.jugendfeuerwehr-eddelak-st-michaelisdonn.de\/wcms\/vorstand-2\/jugendwarte\/\">Jugendwarte &amp; Betreuer<\/a><\/li><li><a href=\"https:\/\/www.jugendfeuerwehr-eddelak-st-michaelisdonn.de\/wcms\/vorstand-2\/vorstand\/\">Jugendlicher Vorstand<\/a><\/li><\/ul><\/li><li><a href=\"https:\/\/www.jugendfeuerwehr-eddelak-st-michaelisdonn.de\/wcms\/presse\/\">Presse<\/a><\/li><li><a href=\"https:\/\/www.jugendfeuerwehr-eddelak-st-michaelisdonn.de\/wcms\/wir-uber-uns\/\">Die Jugendwehr<\/a><ul><li><a href=\"https:\/\/www.jugendfeuerwehr-eddelak-st-michaelisdonn.de\/wcms\/wir-uber-uns\/fahrzeuge\/\">Fahrzeuge<\/a><\/li><li><a href=\"https:\/\/www.jugendfeuerwehr-eddelak-st-michaelisdonn.de\/wcms\/wir-uber-uns\/jugendraume\/\">Unsere Jugendr\u00e4ume<\/a><\/li><li><a href=\"https:\/\/www.jugendfeuerwehr-eddelak-st-michaelisdonn.de\/wcms\/wir-uber-uns\/ausrustung\/\">Ausr\u00fcstung<\/a><\/li><li><a href=\"https:\/\/www.jugendfeuerwehr-eddelak-st-michaelisdonn.de\/wcms\/wir-uber-uns\/geschichte-2\/\">Geschichte<\/a><\/li><\/ul><\/li><li><a href=\"https:\/\/www.jugendfeuerwehr-eddelak-st-michaelisdonn.de\/wcms\/mitglied-werden\/\">Mitglied werden<\/a><\/li><li><a href=\"https:\/\/www.jugendfeuerwehr-eddelak-st-michaelisdonn.de\/wcms\/impressum\/\">Impressum<\/a><\/li><li><a href=\"https:\/\/www.jugendfeuerwehr-eddelak-st-michaelisdonn.de\/wcms\/standorte\/\">Standorte<\/a><ul><li><a href=\"https:\/\/www.jugendfeuerwehr-eddelak-st-michaelisdonn.de\/wcms\/standorte\/averlak\/\">Standort Averlak-Blangenmoor<\/a><\/li><li><a href=\"https:\/\/www.jugendfeuerwehr-eddelak-st-michaelisdonn.de\/wcms\/standorte\/eddelak\/\">Standort Eddelak<\/a><\/li><li><a href=\"https:\/\/www.jugendfeuerwehr-eddelak-st-michaelisdonn.de\/wcms\/standorte\/st-michaelisdonn\/\">Standort St.Michaelisdonn<\/a><\/li><\/ul><\/li><li><a href=\"https:\/\/www.jugendfeuerwehr-eddelak-st-michaelisdonn.de\/wcms\/downlod\/\">Download<\/a><\/li><\/ul><\/ul><\/div> <!-- .kwayy-html-sitemap-wrapper -->\n","protected":false},"excerpt":{"rendered":"BeitragJahreshauptversammlungJugend-Bo\u00dfeln 2013Pfingstlager mit der JF-AschebergDienstabend &#8211; 14.06.2013Zeltlager &#8211; Nordhastedt &#8211; Tag1Fahrzeug\u00fcbergabe des JF-FahrzeugesJugendliche bereiten sich auf Leistungsspange vor &#8211; DLZ vom 29.01.2013Zeltlager &#8211; Nordhastedt &#8211; &hellip;","protected":false},"author":2,"featured_media":0,"parent":0,"menu_order":90,"comment_status":"open","ping_status":"closed","template":"","meta":{"ngg_post_thumbnail":0,"_mc_calendar":[],"footnotes":""},"class_list":["post-56","page","type-page","status-publish","hentry"],"_links":{"self":[{"href":"https:\/\/www.jugendfeuerwehr-eddelak-st-michaelisdonn.de\/wcms\/wp-json\/wp\/v2\/pages\/56","targetHints":{"allow":["GET"]}}],"collection":[{"href":"https:\/\/www.jugendfeuerwehr-eddelak-st-michaelisdonn.de\/wcms\/wp-json\/wp\/v2\/pages"}],"about":[{"href":"https:\/\/www.jugendfeuerwehr-eddelak-st-michaelisdonn.de\/wcms\/wp-json\/wp\/v2\/types\/page"}],"author":[{"embeddable":true,"href":"https:\/\/www.jugendfeuerwehr-eddelak-st-michaelisdonn.de\/wcms\/wp-json\/wp\/v2\/users\/2"}],"replies":[{"embeddable":true,"href":"https:\/\/www.jugendfeuerwehr-eddelak-st-michaelisdonn.de\/wcms\/wp-json\/wp\/v2\/comments?post=56"}],"version-history":[{"count":5,"href":"https:\/\/www.jugendfeuerwehr-eddelak-st-michaelisdonn.de\/wcms\/wp-json\/wp\/v2\/pages\/56\/revisions"}],"predecessor-version":[{"id":3954,"href":"https:\/\/www.jugendfeuerwehr-eddelak-st-michaelisdonn.de\/wcms\/wp-json\/wp\/v2\/pages\/56\/revisions\/3954"}],"wp:attachment":[{"href":"https:\/\/www.jugendfeuerwehr-eddelak-st-michaelisdonn.de\/wcms\/wp-json\/wp\/v2\/media?parent=56"}],"curies":[{"name":"wp","href":"https:\/\/api.w.org\/{rel}","templated":true}]}}