{"id":4136,"date":"2024-01-24T16:59:00","date_gmt":"2024-01-24T15:59:00","guid":{"rendered":"http:\/\/www.jugendfeuerwehr-eddelak-st-michaelisdonn.de\/wcms\/?page_id=4136"},"modified":"2024-02-01T13:18:18","modified_gmt":"2024-02-01T12:18:18","slug":"vorstand-2","status":"publish","type":"page","link":"https:\/\/www.jugendfeuerwehr-eddelak-st-michaelisdonn.de\/wcms\/vorstand-2\/","title":{"rendered":"Vorstand"},"content":{"rendered":"\n<p>Der Vorstand besteht aus 8 Jugendlichen Mitgliedern und den 3 Jugendwarten und den Betreuern der 3 Standorten. <br>Folgende Positionen werden von den Jugendlichen besetzt:<\/p>\n\n\n\n<p><span style=\"font-weight: bold;text-decoration: underline\">Jugendgruppenleiter\/in<\/span><strong> <\/strong><strong><span style=\"text-decoration: underline\">und Stellv. Jugendgruppenleiter\/in<\/span><\/strong><\/p>\n\n\n\n<p>Der Jugendgruppenleitung f\u00fchrt die Jugendwehr zusammen mit den Jugendwarten. Beide sind das Bindeglied zwischen den Betreuern und den Jugendlichen und sie leiten Versammlungen wie die Jahreshauptversammlung oder Vorstandssitzungen. Sie nehmen an Versammlungen von Kreis Dithmarschen und vom Land Schleswig-Holstein teil. Ansprechpartner <\/p>\n\n\n\n<p><\/p>\n\n\n\n<p><span style=\"text-decoration: underline\"><strong>Jugendgruppenf\u00fchrung der jeweiligen Orte<\/strong><\/span><\/p>\n\n\n\n<p>Jeder Standort hat seinen eigenen Gruppenf\u00fchrer und dieser \u00fcbernimmt die Leitung des Standortes zusammen mit ihrer Ortsjugendwartung. Sie sind Gruppenf\u00fchrer bei \u00dcbungen, leiten einige Dienste und arbeiten sie mit ihrer Jugendwartung aus.<\/p>\n\n\n\n<p><\/p>\n\n\n\n<p><span style=\"text-decoration: underline\"><strong>Sicherheitsbeauftragte\/r<\/strong><\/span><\/p>\n\n\n\n<p>Der Sicherheitsbeauftragte \/ Die Sicherheitsbeauftragte f\u00fchrt die Sicherheitsbelehrungen durch und achtet darauf das alle Sicherheitsvorschriften eingehalten werden. Zum Beispiel kann er nach jedem Dienst die Fahrr\u00e4der oder Fahrzeuge seiner Kameraden kontrolieren, ob sie Verkehrssicher sind. Au\u00dferdem schreibt er ggf. Unfallberichte.<\/p>\n\n\n\n<p><\/p>\n\n\n\n<p><span style=\"text-decoration: underline\"><strong>Ger\u00e4tewartung<\/strong><\/span><\/p>\n\n\n\n<p>Der Ger\u00e4tewart macht Ger\u00e4tekunde mit seinen Kameraden, weswegen er jedes Fahrzeug sehr gut kenne  muss. Er achtet darauf dass alle Fahrzeuge die f\u00fcr den Dienst verwendet wurden nach Benutzung wieder sauber hinterlassen werden. Au\u00dferdem achtet er darauf, dass die Jugendr\u00e4ume, sowie das Jugendfeuerwehrauto sauber und ordentlich ist.<\/p>\n\n\n\n<p><\/p>\n\n\n\n<p><span style=\"text-decoration: underline\"><strong>Schriftf\u00fchrung<\/strong><\/span><\/p>\n\n\n\n<p>Die Schriftf\u00fchrung kontrolliert die Anwesenheit und schreibt ggf. Berichte f\u00fcr Jahreshauptversammlungen oder andere Anliegen.<\/p>\n","protected":false},"excerpt":{"rendered":"\nDer Vorstand besteht aus 8 Jugendlichen Mitgliedern und den 3 Jugendwarten und den Betreuern der 3 Standorten. Folgende Positionen werden von den Jugendlichen besetzt:\n\n\n\nJugendgruppenleiter\/in und &hellip;","protected":false},"author":15,"featured_media":0,"parent":0,"menu_order":15,"comment_status":"closed","ping_status":"closed","template":"","meta":{"ngg_post_thumbnail":0,"_mc_calendar":[],"footnotes":""},"class_list":["post-4136","page","type-page","status-publish","hentry"],"_links":{"self":[{"href":"https:\/\/www.jugendfeuerwehr-eddelak-st-michaelisdonn.de\/wcms\/wp-json\/wp\/v2\/pages\/4136","targetHints":{"allow":["GET"]}}],"collection":[{"href":"https:\/\/www.jugendfeuerwehr-eddelak-st-michaelisdonn.de\/wcms\/wp-json\/wp\/v2\/pages"}],"about":[{"href":"https:\/\/www.jugendfeuerwehr-eddelak-st-michaelisdonn.de\/wcms\/wp-json\/wp\/v2\/types\/page"}],"author":[{"embeddable":true,"href":"https:\/\/www.jugendfeuerwehr-eddelak-st-michaelisdonn.de\/wcms\/wp-json\/wp\/v2\/users\/15"}],"replies":[{"embeddable":true,"href":"https:\/\/www.jugendfeuerwehr-eddelak-st-michaelisdonn.de\/wcms\/wp-json\/wp\/v2\/comments?post=4136"}],"version-history":[{"count":1,"href":"https:\/\/www.jugendfeuerwehr-eddelak-st-michaelisdonn.de\/wcms\/wp-json\/wp\/v2\/pages\/4136\/revisions"}],"predecessor-version":[{"id":4137,"href":"https:\/\/www.jugendfeuerwehr-eddelak-st-michaelisdonn.de\/wcms\/wp-json\/wp\/v2\/pages\/4136\/revisions\/4137"}],"wp:attachment":[{"href":"https:\/\/www.jugendfeuerwehr-eddelak-st-michaelisdonn.de\/wcms\/wp-json\/wp\/v2\/media?parent=4136"}],"curies":[{"name":"wp","href":"https:\/\/api.w.org\/{rel}","templated":true}]}}