{"id":34,"date":"2013-03-17T21:31:41","date_gmt":"2013-03-17T20:31:41","guid":{"rendered":"http:\/\/www.jugendfeuerwehr-eddelak-st-michaelisdonn.de\/wcms\/?page_id=34"},"modified":"2024-09-29T20:04:57","modified_gmt":"2024-09-29T18:04:57","slug":"mitglied-werden","status":"publish","type":"page","link":"https:\/\/www.jugendfeuerwehr-eddelak-st-michaelisdonn.de\/wcms\/mitglied-werden\/","title":{"rendered":"Mitglied werden"},"content":{"rendered":"\n<p>Du bist 10-18 Jahre alt?<\/p>\n\n\n\n<p>Dein Traum ist es Feuerwehrmann\/frau zu werden?<\/p>\n\n\n\n<p>Du wohnst in: Eddelak, Dingen, Averlak, OT Blangenmoor oder St.Michaelisdonn?<\/p>\n\n\n\n<p>Dann bist du bei uns genau richtig!<\/p>\n\n\n\n<p><br>Aufnahmeantr\u00e4ge findest du unter: <a href=\"http:\/\/www.jugendfeuerwehr-eddelak-st-michaelisdonn.de\/wcms\/downlod\/\" data-type=\"URL\" data-id=\"http:\/\/www.jugendfeuerwehr-eddelak-st-michaelisdonn.de\/wcms\/downlod\/\">Download<\/a><\/p>\n\n\n\n<p><\/p>\n\n\n\n<p>W\u00e4hle aus welche Freiwillige Feuerwehr f\u00fcr dich zust\u00e4ndig ist:<\/p>\n\n\n\n<div class=\"wp-block-buttons is-layout-flex wp-block-buttons-is-layout-flex\">\n<div class=\"wp-block-button\"><a class=\"wp-block-button__link wp-element-button\" href=\"http:\/\/www.jugendfeuerwehr-eddelak-st-michaelisdonn.de\/wcms\/standorte\/eddelak\/\">FF Eddelak<\/a><\/div>\n\n\n\n<div class=\"wp-block-button\"><a class=\"wp-block-button__link wp-element-button\" href=\"http:\/\/www.jugendfeuerwehr-eddelak-st-michaelisdonn.de\/wcms\/standorte\/st-michaelisdonn\/\">FF St.Michaelisdonn<\/a><\/div>\n\n\n\n<div class=\"wp-block-button\"><a class=\"wp-block-button__link wp-element-button\" href=\"http:\/\/www.jugendfeuerwehr-eddelak-st-michaelisdonn.de\/wcms\/standorte\/averlak\/\">FF Averlak-Blangenmoor<\/a><\/div>\n<\/div>\n","protected":false},"excerpt":{"rendered":"\nDu bist 10-18 Jahre alt?\n\n\n\nDein Traum ist es Feuerwehrmann\/frau zu werden?\n\n\n\nDu wohnst in: Eddelak, Dingen, Averlak, OT Blangenmoor oder St.Michaelisdonn?\n\n\n\nDann bist du bei uns genau &hellip;","protected":false},"author":2,"featured_media":0,"parent":0,"menu_order":70,"comment_status":"open","ping_status":"closed","template":"","meta":{"ngg_post_thumbnail":0,"_mc_calendar":[],"footnotes":""},"class_list":["post-34","page","type-page","status-publish","hentry"],"_links":{"self":[{"href":"https:\/\/www.jugendfeuerwehr-eddelak-st-michaelisdonn.de\/wcms\/wp-json\/wp\/v2\/pages\/34","targetHints":{"allow":["GET"]}}],"collection":[{"href":"https:\/\/www.jugendfeuerwehr-eddelak-st-michaelisdonn.de\/wcms\/wp-json\/wp\/v2\/pages"}],"about":[{"href":"https:\/\/www.jugendfeuerwehr-eddelak-st-michaelisdonn.de\/wcms\/wp-json\/wp\/v2\/types\/page"}],"author":[{"embeddable":true,"href":"https:\/\/www.jugendfeuerwehr-eddelak-st-michaelisdonn.de\/wcms\/wp-json\/wp\/v2\/users\/2"}],"replies":[{"embeddable":true,"href":"https:\/\/www.jugendfeuerwehr-eddelak-st-michaelisdonn.de\/wcms\/wp-json\/wp\/v2\/comments?post=34"}],"version-history":[{"count":16,"href":"https:\/\/www.jugendfeuerwehr-eddelak-st-michaelisdonn.de\/wcms\/wp-json\/wp\/v2\/pages\/34\/revisions"}],"predecessor-version":[{"id":4357,"href":"https:\/\/www.jugendfeuerwehr-eddelak-st-michaelisdonn.de\/wcms\/wp-json\/wp\/v2\/pages\/34\/revisions\/4357"}],"wp:attachment":[{"href":"https:\/\/www.jugendfeuerwehr-eddelak-st-michaelisdonn.de\/wcms\/wp-json\/wp\/v2\/media?parent=34"}],"curies":[{"name":"wp","href":"https:\/\/api.w.org\/{rel}","templated":true}]}}