{"id":19,"date":"2013-03-17T21:29:02","date_gmt":"2013-03-17T20:29:02","guid":{"rendered":"http:\/\/www.jugendfeuerwehr-eddelak-st-michaelisdonn.de\/wcms\/?page_id=19"},"modified":"2024-02-09T21:52:38","modified_gmt":"2024-02-09T20:52:38","slug":"st-michaelisdonn","status":"publish","type":"page","link":"https:\/\/www.jugendfeuerwehr-eddelak-st-michaelisdonn.de\/wcms\/standorte\/st-michaelisdonn\/","title":{"rendered":"Standort St.Michaelisdonn"},"content":{"rendered":"<div class=\"wp-block-image\">\n<figure class=\"alignleft size-full\"><a href=\"http:\/\/www.jugendfeuerwehr-eddelak-st-michaelisdonn.de\/wcms\/wp-content\/uploads\/2023\/12\/bild-folgt-4.jpg\" data-rel=\"lightbox-image-0\" data-rl_title=\"\" data-rl_caption=\"\" title=\"\"><img loading=\"lazy\" decoding=\"async\" width=\"300\" height=\"209\" src=\"http:\/\/www.jugendfeuerwehr-eddelak-st-michaelisdonn.de\/wcms\/wp-content\/uploads\/2023\/12\/bild-folgt-4.jpg\" alt=\"\" class=\"wp-image-4050\" \/><\/a><figcaption>Ger\u00e4tehaus FF St.Michaelisdonn<\/figcaption><\/figure><\/div>\n\n\n<p>Der Standort St.Michaelisdonn z\u00e4hlt aktuell 6 Mitglieder die sich auf 4 Jungs und 1 M\u00e4dchen aufteilen. Der Standort plant aktuell ihr Ger\u00e4tehaus umzubauen, damit es dem aktuellen Standarts gerecht wird. Denn das jetztige alte Geb\u00e4ude ist sehr in die Jahre gekommen. Der Standort bietet uns uns neben einem L\u00f6schfahrzeug dem LF 10, auch einen Einsatzleitwagen 1 (ELW 1). <a href=\"https:\/\/www.ff-st-michel.de\/unsere-fahrzeuge\">\u00dcbersicht aller Fahrzeuge der FF St.Michaelisdonn<\/a><\/p>\n\n\n\n<p>Du findest uns in der <a rel=\"noreferrer noopener\" href=\"https:\/\/www.google.de\/maps\/place\/Freiwillige+Feuerwehr+Sankt+Michaelisdonn\/@53.9892997,9.1139223,289m\/data=!3m1!1e3!4m6!3m5!1s0x47b3f1ef8bb17537:0x9f317c31a9e26c1!8m2!3d53.9887544!4d9.1129742!16s%2Fg%2F1tfm5qvw?entry=ttu\" data-type=\"URL\" data-id=\"https:\/\/www.google.de\/maps\/place\/Freiwillige+Feuerwehr+Sankt+Michaelisdonn\/@53.9892997,9.1139223,289m\/data=!3m1!1e3!4m6!3m5!1s0x47b3f1ef8bb17537:0x9f317c31a9e26c1!8m2!3d53.9887544!4d9.1129742!16s%2Fg%2F1tfm5qvw?entry=ttu\" target=\"_blank\">Johanssenstra\u00dfe 21, 25693 St.Michaelisdonn<\/a><\/p>\n\n\n\n<p>Du m\u00f6chtest Mitglied werden? <a href=\"http:\/\/www.jugendfeuerwehr-eddelak-st-michaelisdonn.de\/wcms\/downlod\/\" data-type=\"URL\" data-id=\"http:\/\/www.jugendfeuerwehr-eddelak-st-michaelisdonn.de\/wcms\/downlod\/\">Klicke hier!<\/a><\/p>\n","protected":false},"excerpt":{"rendered":"\nGer\u00e4tehaus FF St.Michaelisdonn\n\n\nDer Standort St.Michaelisdonn z\u00e4hlt aktuell 6 Mitglieder die sich auf 4 Jungs und 1 M\u00e4dchen aufteilen. Der Standort plant aktuell ihr Ger\u00e4tehaus umzubauen, &hellip;","protected":false},"author":2,"featured_media":0,"parent":3994,"menu_order":440,"comment_status":"open","ping_status":"closed","template":"","meta":{"ngg_post_thumbnail":0,"_mc_calendar":[],"footnotes":""},"class_list":["post-19","page","type-page","status-publish","hentry"],"_links":{"self":[{"href":"https:\/\/www.jugendfeuerwehr-eddelak-st-michaelisdonn.de\/wcms\/wp-json\/wp\/v2\/pages\/19","targetHints":{"allow":["GET"]}}],"collection":[{"href":"https:\/\/www.jugendfeuerwehr-eddelak-st-michaelisdonn.de\/wcms\/wp-json\/wp\/v2\/pages"}],"about":[{"href":"https:\/\/www.jugendfeuerwehr-eddelak-st-michaelisdonn.de\/wcms\/wp-json\/wp\/v2\/types\/page"}],"author":[{"embeddable":true,"href":"https:\/\/www.jugendfeuerwehr-eddelak-st-michaelisdonn.de\/wcms\/wp-json\/wp\/v2\/users\/2"}],"replies":[{"embeddable":true,"href":"https:\/\/www.jugendfeuerwehr-eddelak-st-michaelisdonn.de\/wcms\/wp-json\/wp\/v2\/comments?post=19"}],"version-history":[{"count":15,"href":"https:\/\/www.jugendfeuerwehr-eddelak-st-michaelisdonn.de\/wcms\/wp-json\/wp\/v2\/pages\/19\/revisions"}],"predecessor-version":[{"id":4225,"href":"https:\/\/www.jugendfeuerwehr-eddelak-st-michaelisdonn.de\/wcms\/wp-json\/wp\/v2\/pages\/19\/revisions\/4225"}],"up":[{"embeddable":true,"href":"https:\/\/www.jugendfeuerwehr-eddelak-st-michaelisdonn.de\/wcms\/wp-json\/wp\/v2\/pages\/3994"}],"wp:attachment":[{"href":"https:\/\/www.jugendfeuerwehr-eddelak-st-michaelisdonn.de\/wcms\/wp-json\/wp\/v2\/media?parent=19"}],"curies":[{"name":"wp","href":"https:\/\/api.w.org\/{rel}","templated":true}]}}