{"id":17,"date":"2013-03-17T21:28:43","date_gmt":"2013-03-17T20:28:43","guid":{"rendered":"http:\/\/www.jugendfeuerwehr-eddelak-st-michaelisdonn.de\/wcms\/?page_id=17"},"modified":"2024-02-09T21:52:10","modified_gmt":"2024-02-09T20:52:10","slug":"averlak","status":"publish","type":"page","link":"https:\/\/www.jugendfeuerwehr-eddelak-st-michaelisdonn.de\/wcms\/standorte\/averlak\/","title":{"rendered":"Standort Averlak-Blangenmoor"},"content":{"rendered":"<div class=\"wp-block-image\">\n<figure class=\"alignleft size-large is-resized\"><a href=\"http:\/\/www.jugendfeuerwehr-eddelak-st-michaelisdonn.de\/wcms\/wp-content\/uploads\/2023\/12\/IMG_2515-scaled.jpeg\" data-rel=\"lightbox-image-0\" data-rl_title=\"\" data-rl_caption=\"\" title=\"\"><img loading=\"lazy\" decoding=\"async\" src=\"http:\/\/www.jugendfeuerwehr-eddelak-st-michaelisdonn.de\/wcms\/wp-content\/uploads\/2023\/12\/IMG_2515-1024x768.jpeg\" alt=\"\" class=\"wp-image-4084\" width=\"347\" height=\"260\" srcset=\"https:\/\/www.jugendfeuerwehr-eddelak-st-michaelisdonn.de\/wcms\/wp-content\/uploads\/2023\/12\/IMG_2515-1024x768.jpeg 1024w, https:\/\/www.jugendfeuerwehr-eddelak-st-michaelisdonn.de\/wcms\/wp-content\/uploads\/2023\/12\/IMG_2515-300x225.jpeg 300w, https:\/\/www.jugendfeuerwehr-eddelak-st-michaelisdonn.de\/wcms\/wp-content\/uploads\/2023\/12\/IMG_2515-768x576.jpeg 768w, https:\/\/www.jugendfeuerwehr-eddelak-st-michaelisdonn.de\/wcms\/wp-content\/uploads\/2023\/12\/IMG_2515-1536x1152.jpeg 1536w, https:\/\/www.jugendfeuerwehr-eddelak-st-michaelisdonn.de\/wcms\/wp-content\/uploads\/2023\/12\/IMG_2515-2048x1537.jpeg 2048w\" sizes=\"auto, (max-width: 347px) 100vw, 347px\" \/><\/a><figcaption>Ger\u00e4tehaus Freiwillige Feuerwehr Averlak-Blangenmoor<\/figcaption><\/figure><\/div>\n\n\n<p><strong>\u00dcber uns:<\/strong><\/p>\n\n\n\n<p>Der Standort Averlak-Blangenmoor hat die Besonderheit, dass uns nicht nur Jugendliche aus Averlak, sondern auch aus dem Ortsteil Blangenmoor der Stadt Brunsb\u00fcttel beitreten k\u00f6nnen. Der Standort z\u00e4hlt aktuell 5 Mitglieder. Der Standort bietet uns f\u00fcr unsere Jugendfeuerwehr-Dienste ein Mannschaftstransportfahrzeug (Kurz: MTW). <a rel=\"noreferrer noopener\" href=\"http:\/\/www.ff-averlak-blangenmoor.de\/wcms\/wir-uber-uns\/fahrzeuge\/\" data-type=\"URL\" data-id=\"http:\/\/www.ff-averlak-blangenmoor.de\/wcms\/wir-uber-uns\/fahrzeuge\/\" target=\"_blank\">\u00dcbersicht aller Fahrzeuge der FF Averlak-Blangenmoor.<\/a> Du findest uns in der <a rel=\"noreferrer noopener\" href=\"https:\/\/www.google.de\/maps\/place\/Hauptstra%C3%9Fe+93,+25715+Averlak\/@53.9376707,9.1874108,199m\/data=!3m1!1e3!4m6!3m5!1s0x47b3ef11d42d30d1:0xb1283a58a9064ea!8m2!3d53.9377127!4d9.1874798!16s%2Fg%2F11gk1_w_zw?entry=ttu\" data-type=\"URL\" data-id=\"https:\/\/www.google.de\/maps\/place\/Hauptstra%C3%9Fe+93,+25715+Averlak\/@53.9376707,9.1874108,199m\/data=!3m1!1e3!4m6!3m5!1s0x47b3ef11d42d30d1:0xb1283a58a9064ea!8m2!3d53.9377127!4d9.1874798!16s%2Fg%2F11gk1_w_zw?entry=ttu\" target=\"_blank\">Hauptstra\u00dfe 93, 25715 Averlak<\/a>.<\/p>\n\n\n\n<p><\/p>\n\n\n\n<p>Du m\u00f6chtest Mitglied werden? <a href=\"http:\/\/www.jugendfeuerwehr-eddelak-st-michaelisdonn.de\/wcms\/downlod\/\" data-type=\"URL\" data-id=\"http:\/\/www.jugendfeuerwehr-eddelak-st-michaelisdonn.de\/wcms\/downlod\/\">Klicke hier!<\/a><\/p>\n","protected":false},"excerpt":{"rendered":"\nGer\u00e4tehaus Freiwillige Feuerwehr Averlak-Blangenmoor\n\n\n\u00dcber uns:\n\n\n\nDer Standort Averlak-Blangenmoor hat die Besonderheit, dass uns nicht nur Jugendliche aus Averlak, sondern auch aus dem Ortsteil Blangenmoor der Stadt &hellip;","protected":false},"author":2,"featured_media":0,"parent":3994,"menu_order":420,"comment_status":"open","ping_status":"closed","template":"","meta":{"ngg_post_thumbnail":0,"_mc_calendar":[],"footnotes":""},"class_list":["post-17","page","type-page","status-publish","hentry"],"_links":{"self":[{"href":"https:\/\/www.jugendfeuerwehr-eddelak-st-michaelisdonn.de\/wcms\/wp-json\/wp\/v2\/pages\/17","targetHints":{"allow":["GET"]}}],"collection":[{"href":"https:\/\/www.jugendfeuerwehr-eddelak-st-michaelisdonn.de\/wcms\/wp-json\/wp\/v2\/pages"}],"about":[{"href":"https:\/\/www.jugendfeuerwehr-eddelak-st-michaelisdonn.de\/wcms\/wp-json\/wp\/v2\/types\/page"}],"author":[{"embeddable":true,"href":"https:\/\/www.jugendfeuerwehr-eddelak-st-michaelisdonn.de\/wcms\/wp-json\/wp\/v2\/users\/2"}],"replies":[{"embeddable":true,"href":"https:\/\/www.jugendfeuerwehr-eddelak-st-michaelisdonn.de\/wcms\/wp-json\/wp\/v2\/comments?post=17"}],"version-history":[{"count":14,"href":"https:\/\/www.jugendfeuerwehr-eddelak-st-michaelisdonn.de\/wcms\/wp-json\/wp\/v2\/pages\/17\/revisions"}],"predecessor-version":[{"id":4223,"href":"https:\/\/www.jugendfeuerwehr-eddelak-st-michaelisdonn.de\/wcms\/wp-json\/wp\/v2\/pages\/17\/revisions\/4223"}],"up":[{"embeddable":true,"href":"https:\/\/www.jugendfeuerwehr-eddelak-st-michaelisdonn.de\/wcms\/wp-json\/wp\/v2\/pages\/3994"}],"wp:attachment":[{"href":"https:\/\/www.jugendfeuerwehr-eddelak-st-michaelisdonn.de\/wcms\/wp-json\/wp\/v2\/media?parent=17"}],"curies":[{"name":"wp","href":"https:\/\/api.w.org\/{rel}","templated":true}]}}