{"id":15,"date":"2013-03-17T21:28:31","date_gmt":"2013-03-17T20:28:31","guid":{"rendered":"http:\/\/www.jugendfeuerwehr-eddelak-st-michaelisdonn.de\/wcms\/?page_id=15"},"modified":"2024-02-09T21:53:16","modified_gmt":"2024-02-09T20:53:16","slug":"eddelak","status":"publish","type":"page","link":"https:\/\/www.jugendfeuerwehr-eddelak-st-michaelisdonn.de\/wcms\/standorte\/eddelak\/","title":{"rendered":"Standort Eddelak"},"content":{"rendered":"\n<p><strong>Standort Eddelak<\/strong><\/p>\n\n\n<div class=\"wp-block-image\">\n<figure class=\"alignleft size-large is-resized\"><a href=\"http:\/\/www.jugendfeuerwehr-eddelak-st-michaelisdonn.de\/wcms\/wp-content\/uploads\/2023\/12\/IMG_2524-scaled.jpeg\" data-rel=\"lightbox-image-0\" data-rl_title=\"\" data-rl_caption=\"\" title=\"\"><img loading=\"lazy\" decoding=\"async\" src=\"http:\/\/www.jugendfeuerwehr-eddelak-st-michaelisdonn.de\/wcms\/wp-content\/uploads\/2023\/12\/IMG_2524-1024x768.jpeg\" alt=\"\" class=\"wp-image-4087\" width=\"331\" height=\"249\" srcset=\"https:\/\/www.jugendfeuerwehr-eddelak-st-michaelisdonn.de\/wcms\/wp-content\/uploads\/2023\/12\/IMG_2524-1024x768.jpeg 1024w, https:\/\/www.jugendfeuerwehr-eddelak-st-michaelisdonn.de\/wcms\/wp-content\/uploads\/2023\/12\/IMG_2524-300x225.jpeg 300w, https:\/\/www.jugendfeuerwehr-eddelak-st-michaelisdonn.de\/wcms\/wp-content\/uploads\/2023\/12\/IMG_2524-768x576.jpeg 768w, https:\/\/www.jugendfeuerwehr-eddelak-st-michaelisdonn.de\/wcms\/wp-content\/uploads\/2023\/12\/IMG_2524-1536x1152.jpeg 1536w, https:\/\/www.jugendfeuerwehr-eddelak-st-michaelisdonn.de\/wcms\/wp-content\/uploads\/2023\/12\/IMG_2524-2048x1537.jpeg 2048w\" sizes=\"auto, (max-width: 331px) 100vw, 331px\" \/><\/a><figcaption>Ger\u00e4tehaus Freiwillige Feuerwehr Eddelak<\/figcaption><\/figure><\/div>\n\n<div class=\"wp-block-image\">\n<figure class=\"alignleft size-large is-resized\"><a href=\"http:\/\/www.jugendfeuerwehr-eddelak-st-michaelisdonn.de\/wcms\/wp-content\/uploads\/2023\/12\/IMG_2526-scaled.jpeg\" data-rel=\"lightbox-image-1\" data-rl_title=\"\" data-rl_caption=\"\" title=\"\"><img loading=\"lazy\" decoding=\"async\" src=\"http:\/\/www.jugendfeuerwehr-eddelak-st-michaelisdonn.de\/wcms\/wp-content\/uploads\/2023\/12\/IMG_2526-1024x768.jpeg\" alt=\"\" class=\"wp-image-4088\" width=\"334\" height=\"251\" srcset=\"https:\/\/www.jugendfeuerwehr-eddelak-st-michaelisdonn.de\/wcms\/wp-content\/uploads\/2023\/12\/IMG_2526-1024x768.jpeg 1024w, https:\/\/www.jugendfeuerwehr-eddelak-st-michaelisdonn.de\/wcms\/wp-content\/uploads\/2023\/12\/IMG_2526-300x225.jpeg 300w, https:\/\/www.jugendfeuerwehr-eddelak-st-michaelisdonn.de\/wcms\/wp-content\/uploads\/2023\/12\/IMG_2526-768x576.jpeg 768w, https:\/\/www.jugendfeuerwehr-eddelak-st-michaelisdonn.de\/wcms\/wp-content\/uploads\/2023\/12\/IMG_2526-1536x1152.jpeg 1536w, https:\/\/www.jugendfeuerwehr-eddelak-st-michaelisdonn.de\/wcms\/wp-content\/uploads\/2023\/12\/IMG_2526-2048x1537.jpeg 2048w\" sizes=\"auto, (max-width: 334px) 100vw, 334px\" \/><\/a><figcaption>Fahrzeugunterstand MTW &amp; LF 16 TS ( Fahrzeuge f\u00fcr JF) Garage f\u00fcr JF-Anh\u00e4nger &amp; Materialien wie z.B Zelte<\/figcaption><\/figure><\/div>\n\n\n<p><br>Der Standort Eddelak z\u00e4hlt aktuell 12 Mitglieder.Jedes Eddelaker Jugendfeuerwehrmitglieder hat einen eigenen Spind, wo jeder seine Arbeitskleidung nach Dienstschluss lagern kann. Der Standort ist der Hauptstandort der Jugendfeuerwehr Amt Eddelak-St.Michaelisdonn, weshalb dem Standort neben den beiden L\u00f6schfahrzeugen dem LF 20 Kat\/s und dem LF 16 TS, auch das Mannschaftstransportfahrzeug (Kurz: MTW) zur Verf\u00fcgung steht. <a rel=\"noreferrer noopener\" href=\"http:\/\/www.feuerwehr-eddelak.de\/wcms\/wir-uber-uns\/fahrzeuge-2\/\" data-type=\"URL\" data-id=\"http:\/\/www.feuerwehr-eddelak.de\/wcms\/wir-uber-uns\/fahrzeuge-2\/\" target=\"_blank\">\u00dcbersicht aller Fahrzeuge der FF Eddelak<\/a>. Du findest uns in der <a rel=\"noreferrer noopener\" href=\"https:\/\/www.google.com\/maps\/place\/Freiwillige+Feuerwehr+Eddelak\/@53.9475741,9.1452759,16.37z\/data=!4m6!3m5!1s0x47b3efb622ed6d41:0xbec4e131a10bf52a!8m2!3d53.947905!4d9.1463642!16s%2Fg%2F1thzmzjb?entry=ttu\" data-type=\"URL\" data-id=\"https:\/\/www.google.com\/maps\/place\/Freiwillige+Feuerwehr+Eddelak\/@53.9475741,9.1452759,16.37z\/data=!4m6!3m5!1s0x47b3efb622ed6d41:0xbec4e131a10bf52a!8m2!3d53.947905!4d9.1463642!16s%2Fg%2F1thzmzjb?entry=ttu\" target=\"_blank\">Wilhelm-Johnsen-Stra\u00dfe 9, 25715 Eddelak<\/a>.<\/p>\n\n\n\n<p>Du m\u00f6chtest Mitglied werden? <a href=\"http:\/\/www.jugendfeuerwehr-eddelak-st-michaelisdonn.de\/wcms\/downlod\/\" data-type=\"URL\" data-id=\"http:\/\/www.jugendfeuerwehr-eddelak-st-michaelisdonn.de\/wcms\/downlod\/\">Klicke hier!<\/a><\/p>\n","protected":false},"excerpt":{"rendered":"\nStandort Eddelak\n\n\n\nGer\u00e4tehaus Freiwillige Feuerwehr Eddelak\n\n\nFahrzeugunterstand MTW &amp; LF 16 TS ( Fahrzeuge f\u00fcr JF) Garage f\u00fcr JF-Anh\u00e4nger &amp; Materialien wie z.B Zelte\n\n\nDer Standort Eddelak z\u00e4hlt &hellip;","protected":false},"author":2,"featured_media":0,"parent":3994,"menu_order":430,"comment_status":"open","ping_status":"closed","template":"","meta":{"ngg_post_thumbnail":0,"_mc_calendar":[],"footnotes":""},"class_list":["post-15","page","type-page","status-publish","hentry"],"_links":{"self":[{"href":"https:\/\/www.jugendfeuerwehr-eddelak-st-michaelisdonn.de\/wcms\/wp-json\/wp\/v2\/pages\/15","targetHints":{"allow":["GET"]}}],"collection":[{"href":"https:\/\/www.jugendfeuerwehr-eddelak-st-michaelisdonn.de\/wcms\/wp-json\/wp\/v2\/pages"}],"about":[{"href":"https:\/\/www.jugendfeuerwehr-eddelak-st-michaelisdonn.de\/wcms\/wp-json\/wp\/v2\/types\/page"}],"author":[{"embeddable":true,"href":"https:\/\/www.jugendfeuerwehr-eddelak-st-michaelisdonn.de\/wcms\/wp-json\/wp\/v2\/users\/2"}],"replies":[{"embeddable":true,"href":"https:\/\/www.jugendfeuerwehr-eddelak-st-michaelisdonn.de\/wcms\/wp-json\/wp\/v2\/comments?post=15"}],"version-history":[{"count":29,"href":"https:\/\/www.jugendfeuerwehr-eddelak-st-michaelisdonn.de\/wcms\/wp-json\/wp\/v2\/pages\/15\/revisions"}],"predecessor-version":[{"id":4226,"href":"https:\/\/www.jugendfeuerwehr-eddelak-st-michaelisdonn.de\/wcms\/wp-json\/wp\/v2\/pages\/15\/revisions\/4226"}],"up":[{"embeddable":true,"href":"https:\/\/www.jugendfeuerwehr-eddelak-st-michaelisdonn.de\/wcms\/wp-json\/wp\/v2\/pages\/3994"}],"wp:attachment":[{"href":"https:\/\/www.jugendfeuerwehr-eddelak-st-michaelisdonn.de\/wcms\/wp-json\/wp\/v2\/media?parent=15"}],"curies":[{"name":"wp","href":"https:\/\/api.w.org\/{rel}","templated":true}]}}